{"id":7497,"date":"2020-10-19T18:54:20","date_gmt":"2020-10-19T18:54:20","guid":{"rendered":"https:\/\/transparency.photocrati.com\/?page_id=7196"},"modified":"2025-12-17T22:41:52","modified_gmt":"2025-12-17T21:41:52","slug":"bestiaire-domestique","status":"publish","type":"page","link":"https:\/\/pierremonatte.fr\/index.php\/bestiaire-domestique\/","title":{"rendered":"Bestiaire domestique"},"content":{"rendered":"\r\n<p>&nbsp;<\/p>\r\n<p style=\"text-align: center;\">En montant ou en descendant les cr\u00eates, les sentiers s\u2019agr\u00e9mentent de pr\u00e9sences animales aussi belles que d\u00e9bonnaires.&nbsp;Chevaux, vaches, taureaux et autres b\u00eates \u00e0 quatre pattes font partie et influencent le paysage.<\/p>\r\nngg_shortcode_0_placeholder\r\n","protected":false},"excerpt":{"rendered":"","protected":false},"author":1,"featured_media":0,"parent":0,"menu_order":0,"comment_status":"closed","ping_status":"closed","template":"","meta":{"ngg_post_thumbnail":0,"footnotes":""},"class_list":["post-7497","page","type-page","status-publish","hentry","entry"],"_links":{"self":[{"href":"https:\/\/pierremonatte.fr\/index.php\/wp-json\/wp\/v2\/pages\/7497","targetHints":{"allow":["GET"]}}],"collection":[{"href":"https:\/\/pierremonatte.fr\/index.php\/wp-json\/wp\/v2\/pages"}],"about":[{"href":"https:\/\/pierremonatte.fr\/index.php\/wp-json\/wp\/v2\/types\/page"}],"author":[{"embeddable":true,"href":"https:\/\/pierremonatte.fr\/index.php\/wp-json\/wp\/v2\/users\/1"}],"replies":[{"embeddable":true,"href":"https:\/\/pierremonatte.fr\/index.php\/wp-json\/wp\/v2\/comments?post=7497"}],"version-history":[{"count":3,"href":"https:\/\/pierremonatte.fr\/index.php\/wp-json\/wp\/v2\/pages\/7497\/revisions"}],"predecessor-version":[{"id":9212,"href":"https:\/\/pierremonatte.fr\/index.php\/wp-json\/wp\/v2\/pages\/7497\/revisions\/9212"}],"wp:attachment":[{"href":"https:\/\/pierremonatte.fr\/index.php\/wp-json\/wp\/v2\/media?parent=7497"}],"curies":[{"name":"wp","href":"https:\/\/api.w.org\/{rel}","templated":true}]}}