{"id":7191,"date":"2020-10-19T18:51:49","date_gmt":"2020-10-19T18:51:49","guid":{"rendered":"https:\/\/transparency.photocrati.com\/?page_id=7191"},"modified":"2025-12-17T22:39:52","modified_gmt":"2025-12-17T21:39:52","slug":"neige-en-mezenc","status":"publish","type":"page","link":"https:\/\/pierremonatte.fr\/index.php\/neige-en-mezenc\/","title":{"rendered":"Neige en M\u00e9zenc"},"content":{"rendered":"\r\n<p>&nbsp;<\/p>\r\n<p style=\"text-align: center;\">Ici, la lumi\u00e8re de l\u2019aube glaciale nous plonge dans un paradis \u00e9ph\u00e9m\u00e8re o\u00f9 le vent ac\u00e9r\u00e9 et la neige s\u2019allient pour rajouter la puissance \u00e0 la beaut\u00e9. Sous les nuages, tout est d\u00e9sesp\u00e9r\u00e9ment gris. Au-dessus, les premiers rayons de lumi\u00e8re r\u00e9v\u00e8lent la beaut\u00e9 de l\u2019implacable froidure. Ces derniers bastions de nature sauvage, flottant au-dessus de l\u2019inhospitali\u00e8re mer de brouillard, semblent narguer les mis\u00e9rables hommes d\u2019en bas, engonc\u00e9s dans la morosit\u00e9.<br>Ici, le froid est physique, en bas il est psychique.<\/p>\r\nngg_shortcode_0_placeholder\r\n<p>&nbsp;<\/p>\r\n","protected":false},"excerpt":{"rendered":"","protected":false},"author":1,"featured_media":0,"parent":0,"menu_order":0,"comment_status":"closed","ping_status":"closed","template":"","meta":{"ngg_post_thumbnail":0,"footnotes":""},"class_list":["post-7191","page","type-page","status-publish","hentry","entry"],"_links":{"self":[{"href":"https:\/\/pierremonatte.fr\/index.php\/wp-json\/wp\/v2\/pages\/7191","targetHints":{"allow":["GET"]}}],"collection":[{"href":"https:\/\/pierremonatte.fr\/index.php\/wp-json\/wp\/v2\/pages"}],"about":[{"href":"https:\/\/pierremonatte.fr\/index.php\/wp-json\/wp\/v2\/types\/page"}],"author":[{"embeddable":true,"href":"https:\/\/pierremonatte.fr\/index.php\/wp-json\/wp\/v2\/users\/1"}],"replies":[{"embeddable":true,"href":"https:\/\/pierremonatte.fr\/index.php\/wp-json\/wp\/v2\/comments?post=7191"}],"version-history":[{"count":7,"href":"https:\/\/pierremonatte.fr\/index.php\/wp-json\/wp\/v2\/pages\/7191\/revisions"}],"predecessor-version":[{"id":9210,"href":"https:\/\/pierremonatte.fr\/index.php\/wp-json\/wp\/v2\/pages\/7191\/revisions\/9210"}],"wp:attachment":[{"href":"https:\/\/pierremonatte.fr\/index.php\/wp-json\/wp\/v2\/media?parent=7191"}],"curies":[{"name":"wp","href":"https:\/\/api.w.org\/{rel}","templated":true}]}}