{"id":6834,"date":"2020-10-19T21:39:41","date_gmt":"2020-10-19T21:39:41","guid":{"rendered":"http:\/\/overexposed.photocrati.com\/proofed-images-2\/"},"modified":"2024-05-04T19:39:48","modified_gmt":"2024-05-04T17:39:48","slug":"cinematheque-2","status":"publish","type":"page","link":"https:\/\/pierremonatte.fr\/index.php\/cinematheque-2\/","title":{"rendered":"Cin\u00e9math\u00e8que"},"content":{"rendered":"ngg_shortcode_0_placeholder\r\n<hr>\r\n<p class=\"has-text-align-center\"><strong>TIME LAPSE FILMS <\/strong><\/p>\r\n<!-- \/wp:post-content -->\r\n\r\n<!-- wp:paragraph {\"align\":\"center\"} -->\r\n<p class=\"has-text-align-center\">Litt\u00e9ralement \u00abintervalle de temps\u00bb, le Time Lapse est une technique vid\u00e9o permettant d\u2019assembler une s\u00e9rie de photos prises \u00e0 des intervalles de temps r\u00e9guliers.Le r\u00e9sultat permet d&rsquo;obtenir une acc\u00e9l\u00e9ration du temps avec une dimension esth\u00e9tique avec par exemple les mouvements de nuages, le d\u00e9filement des \u00e9toiles ou le lever de soleil.<\/p>\r\n<!-- \/wp:paragraph -->\r\n\r\n<!-- wp:button {\"className\":\"aligncenter\"} -->\r\n<div class=\"wp-block-button aligncenter\"><a class=\"wp-block-button__link wp-element-button\" href=\"https:\/\/pierremonatte.fr\/index.php\/time-lapse-films\/\">plus&#8230;<\/a><\/div>\r\n<hr>\r\n<p class=\"has-text-align-center\"><strong>FILMS: l&rsquo;esprit de la p\u00eache \u00e0 la mouche <\/strong><\/p>\r\n<!-- \/wp:button -->\r\n\r\n<!-- wp:paragraph {\"align\":\"center\"} -->\r\n<p>\u00ab&nbsp;Je ne bois pas, je ne fume pas, je ne cours pas le jupon mais je p\u00eache \u00e0 la mouche&nbsp;\u00bb, me pr\u00e9vint-il avant de nous marier.<br>Aujourd\u2019hui, j\u2019eusse pr\u00e9f\u00e9r\u00e9 n\u2019importe quel des trois premiers vices.<\/p>\r\n<p>&nbsp;&nbsp;&nbsp;&nbsp;&nbsp;&nbsp;&nbsp;&nbsp;&nbsp;&nbsp;&nbsp;&nbsp;&nbsp;&nbsp;&nbsp;&nbsp;&nbsp;&nbsp;&nbsp;&nbsp;&nbsp;&nbsp;&nbsp;&nbsp;&nbsp;&nbsp;&nbsp;&nbsp;&nbsp;&nbsp;&nbsp;&nbsp;&nbsp;&nbsp;&nbsp;&nbsp;&nbsp;&nbsp;&nbsp;&nbsp;&nbsp;&nbsp;&nbsp;&nbsp;&nbsp;&nbsp;&nbsp;&nbsp;&nbsp;&nbsp;&nbsp;&nbsp;&nbsp;&nbsp;&nbsp;&nbsp;&nbsp;&nbsp;&nbsp;&nbsp;&nbsp;&nbsp;&nbsp;&nbsp;&nbsp;&nbsp;&nbsp;&nbsp;&nbsp;&nbsp;&nbsp;&nbsp;&nbsp;&nbsp;&nbsp;&nbsp;&nbsp;&nbsp;&nbsp;&nbsp;&nbsp;&nbsp;&nbsp;&nbsp;&nbsp;&nbsp;&nbsp;&nbsp;&nbsp;&nbsp;&nbsp;&nbsp;&nbsp;&nbsp;&nbsp;&nbsp;&nbsp;&nbsp;&nbsp;&nbsp; John D. Voelker<\/p>\r\n<!-- \/wp:paragraph -->\r\n\r\n<!-- wp:button {\"className\":\"aligncenter\"} -->\r\n<div class=\"wp-block-button aligncenter\"><a class=\"wp-block-button__link wp-element-button\" href=\"https:\/\/pierremonatte.fr\/index.php\/films-mouche\/\">plus&#8230;<\/a><\/div>\r\n<hr>\r\n<p style=\"text-align: center;\"><a class=\"wp-block-button__link wp-element-button\" href=\"https:\/\/www.youtube.com\/@pierremonattephotography5280\/featured\">You Tube Channel<\/a><\/p>\r\n<hr>\r\n<p style=\"text-align: center;\"><a class=\"wp-block-button__link wp-element-button\" href=\"https:\/\/vimeo.com\/pierremonatte\">Vimeo Channel<\/a><\/p>\r\n<hr>","protected":false},"excerpt":{"rendered":"<p>TIME LAPSE FILMS Litt\u00e9ralement \u00abintervalle de temps\u00bb, le Time Lapse est une technique vid\u00e9o permettant d\u2019assembler une s\u00e9rie de photos prises \u00e0 des intervalles de temps r\u00e9guliers.Le r\u00e9sultat permet d&rsquo;obtenir une acc\u00e9l\u00e9ration du temps avec une dimension esth\u00e9tique avec par exemple les mouvements de nuages, le d\u00e9filement des \u00e9toiles ou le lever de soleil. plus&#8230; [&hellip;]<\/p>\n","protected":false},"author":1,"featured_media":0,"parent":0,"menu_order":0,"comment_status":"closed","ping_status":"closed","template":"","meta":{"ngg_post_thumbnail":0,"footnotes":""},"class_list":["post-6834","page","type-page","status-publish","hentry","entry"],"_links":{"self":[{"href":"https:\/\/pierremonatte.fr\/index.php\/wp-json\/wp\/v2\/pages\/6834","targetHints":{"allow":["GET"]}}],"collection":[{"href":"https:\/\/pierremonatte.fr\/index.php\/wp-json\/wp\/v2\/pages"}],"about":[{"href":"https:\/\/pierremonatte.fr\/index.php\/wp-json\/wp\/v2\/types\/page"}],"author":[{"embeddable":true,"href":"https:\/\/pierremonatte.fr\/index.php\/wp-json\/wp\/v2\/users\/1"}],"replies":[{"embeddable":true,"href":"https:\/\/pierremonatte.fr\/index.php\/wp-json\/wp\/v2\/comments?post=6834"}],"version-history":[{"count":7,"href":"https:\/\/pierremonatte.fr\/index.php\/wp-json\/wp\/v2\/pages\/6834\/revisions"}],"predecessor-version":[{"id":8237,"href":"https:\/\/pierremonatte.fr\/index.php\/wp-json\/wp\/v2\/pages\/6834\/revisions\/8237"}],"wp:attachment":[{"href":"https:\/\/pierremonatte.fr\/index.php\/wp-json\/wp\/v2\/media?parent=6834"}],"curies":[{"name":"wp","href":"https:\/\/api.w.org\/{rel}","templated":true}]}}