{"id":6792,"date":"2011-02-07T22:02:05","date_gmt":"2011-02-07T22:02:05","guid":{"rendered":"http:\/\/barebulbbarndoors.demos.photocrati.com\/"},"modified":"2025-12-17T22:34:29","modified_gmt":"2025-12-17T21:34:29","slug":"montagne-corse","status":"publish","type":"page","link":"https:\/\/pierremonatte.fr\/index.php\/montagne-corse\/","title":{"rendered":"Montagne Corse"},"content":{"rendered":"<div class=\"xdj266r x11i5rnm xat24cr x1mh8g0r x1vvkbs x126k92a\">\n<div dir=\"auto\" style=\"text-align: center;\">\u00d9n ne circate sumiglie,<\/div>\n<div dir=\"auto\" style=\"text-align: center;\">\u00d9n truverete la para ;<\/div>\n<div dir=\"auto\" style=\"text-align: center;\">Ghj\u00e8 \u00f9nica, sola \u00e8 cara.<\/div>\n<\/div>\n<div class=\"x11i5rnm xat24cr x1mh8g0r x1vvkbs xtlvy1s x126k92a\" style=\"text-align: center;\">\n<div dir=\"auto\">C\u00f3rsica.<\/div>\n<\/div>\n<div dir=\"auto\" style=\"text-align: center;\">&nbsp;<\/div>\n<div class=\"x11i5rnm xat24cr x1mh8g0r x1vvkbs xtlvy1s x126k92a\" style=\"text-align: center;\">\n<div dir=\"auto\">Ne cherchez pas de ressemblances<\/div>\n<div dir=\"auto\">Car vous n\u2019en trouverez pas<\/div>\n<div dir=\"auto\">Elle est unique, solitaire et ch\u00e8re<\/div>\n<\/div>\n<div class=\"x11i5rnm xat24cr x1mh8g0r x1vvkbs xtlvy1s x126k92a\">\n<div dir=\"auto\" style=\"text-align: center;\">La Corsengg_shortcode_0_placeholder<\/div>\n<\/div>\n","protected":false},"excerpt":{"rendered":"<p>\u00d9n ne circate sumiglie, \u00d9n truverete la para ; Ghj\u00e8 \u00f9nica, sola \u00e8 cara. C\u00f3rsica. &nbsp; Ne cherchez pas de ressemblances Car vous n\u2019en trouverez pas Elle est unique, solitaire et ch\u00e8re La Corse<\/p>\n","protected":false},"author":1,"featured_media":0,"parent":0,"menu_order":0,"comment_status":"open","ping_status":"open","template":"","meta":{"ngg_post_thumbnail":0,"footnotes":""},"class_list":["post-6792","page","type-page","status-publish","hentry","entry"],"_links":{"self":[{"href":"https:\/\/pierremonatte.fr\/index.php\/wp-json\/wp\/v2\/pages\/6792","targetHints":{"allow":["GET"]}}],"collection":[{"href":"https:\/\/pierremonatte.fr\/index.php\/wp-json\/wp\/v2\/pages"}],"about":[{"href":"https:\/\/pierremonatte.fr\/index.php\/wp-json\/wp\/v2\/types\/page"}],"author":[{"embeddable":true,"href":"https:\/\/pierremonatte.fr\/index.php\/wp-json\/wp\/v2\/users\/1"}],"replies":[{"embeddable":true,"href":"https:\/\/pierremonatte.fr\/index.php\/wp-json\/wp\/v2\/comments?post=6792"}],"version-history":[{"count":3,"href":"https:\/\/pierremonatte.fr\/index.php\/wp-json\/wp\/v2\/pages\/6792\/revisions"}],"predecessor-version":[{"id":9208,"href":"https:\/\/pierremonatte.fr\/index.php\/wp-json\/wp\/v2\/pages\/6792\/revisions\/9208"}],"wp:attachment":[{"href":"https:\/\/pierremonatte.fr\/index.php\/wp-json\/wp\/v2\/media?parent=6792"}],"curies":[{"name":"wp","href":"https:\/\/api.w.org\/{rel}","templated":true}]}}