{"id":640,"date":"2015-12-09T16:42:07","date_gmt":"2015-12-09T16:42:07","guid":{"rendered":"http:\/\/transparency.photocrati.com\/?page_id=640"},"modified":"2025-12-17T22:42:44","modified_gmt":"2025-12-17T21:42:44","slug":"au-bord-de-l-eau","status":"publish","type":"page","link":"https:\/\/pierremonatte.fr\/index.php\/au-bord-de-l-eau\/","title":{"rendered":"Au bord de l&rsquo;eau: regard d&rsquo;un p\u00eacheur \u00e0 la mouche"},"content":{"rendered":"<p>&nbsp;<\/p>\n<p style=\"text-align: center;\">Dans mes yeux d&rsquo;enfant, la p\u00eache \u00e0 la mouche paraissait inaccessible: une alchimie rare entre esth\u00e9tisme, savoir et habilet\u00e9.&nbsp; &nbsp; &nbsp; &nbsp; &nbsp; &nbsp; &nbsp; &nbsp; &nbsp; &nbsp; &nbsp; &nbsp; &nbsp; &nbsp; &nbsp; &nbsp; &nbsp; &nbsp; &nbsp; &nbsp; &nbsp;Aujourd&rsquo;hui, le chemin parcouru m&rsquo;a enseign\u00e9 un peu plus&#8230;<\/p>\n<p style=\"text-align: center;\">Tout se joue sur cette fronti\u00e8re: \u00e0 l&rsquo;interface \u00e9tonnamment r\u00e9fl\u00e9chissante entre l\u2019eau et l&rsquo;air, dans le miroir de l&rsquo;onde, reflet physique de ton corps et reflet spirituel de ton \u00e2me. Si tu es pr\u00eat, la surface de l&rsquo;eau peut t&rsquo;absorber tel un mouchoir de papier absorbant toutes les pollutions futiles de l&rsquo;esprit.<\/p>\nngg_shortcode_0_placeholder\n","protected":false},"excerpt":{"rendered":"<p>&nbsp; Dans mes yeux d&rsquo;enfant, la p\u00eache \u00e0 la mouche paraissait inaccessible: une alchimie rare entre esth\u00e9tisme, savoir et habilet\u00e9.&nbsp; &nbsp; &nbsp; &nbsp; &nbsp; &nbsp; &nbsp; &nbsp; &nbsp; &nbsp; &nbsp; &nbsp; &nbsp; &nbsp; &nbsp; &nbsp; &nbsp; &nbsp; &nbsp; &nbsp; &nbsp;Aujourd&rsquo;hui, le chemin parcouru m&rsquo;a enseign\u00e9 un peu plus&#8230; Tout se joue sur cette fronti\u00e8re: \u00e0 [&hellip;]<\/p>\n","protected":false},"author":1,"featured_media":0,"parent":0,"menu_order":0,"comment_status":"closed","ping_status":"closed","template":"","meta":{"ngg_post_thumbnail":0,"footnotes":""},"class_list":["post-640","page","type-page","status-publish","hentry","entry"],"_links":{"self":[{"href":"https:\/\/pierremonatte.fr\/index.php\/wp-json\/wp\/v2\/pages\/640","targetHints":{"allow":["GET"]}}],"collection":[{"href":"https:\/\/pierremonatte.fr\/index.php\/wp-json\/wp\/v2\/pages"}],"about":[{"href":"https:\/\/pierremonatte.fr\/index.php\/wp-json\/wp\/v2\/types\/page"}],"author":[{"embeddable":true,"href":"https:\/\/pierremonatte.fr\/index.php\/wp-json\/wp\/v2\/users\/1"}],"replies":[{"embeddable":true,"href":"https:\/\/pierremonatte.fr\/index.php\/wp-json\/wp\/v2\/comments?post=640"}],"version-history":[{"count":6,"href":"https:\/\/pierremonatte.fr\/index.php\/wp-json\/wp\/v2\/pages\/640\/revisions"}],"predecessor-version":[{"id":9213,"href":"https:\/\/pierremonatte.fr\/index.php\/wp-json\/wp\/v2\/pages\/640\/revisions\/9213"}],"wp:attachment":[{"href":"https:\/\/pierremonatte.fr\/index.php\/wp-json\/wp\/v2\/media?parent=640"}],"curies":[{"name":"wp","href":"https:\/\/api.w.org\/{rel}","templated":true}]}}