{"id":609,"date":"2015-12-09T16:35:34","date_gmt":"2015-12-09T16:35:34","guid":{"rendered":"http:\/\/transparency.photocrati.com\/?page_id=609"},"modified":"2024-04-20T07:23:57","modified_gmt":"2024-04-20T05:23:57","slug":"mezenc-entre-deux-hivers","status":"publish","type":"page","link":"https:\/\/pierremonatte.fr\/index.php\/mezenc-entre-deux-hivers\/","title":{"rendered":"M\u00e9zenc entre deux hivers"},"content":{"rendered":"<p>La m\u00e2choire hivernale se desserre lentement, pugnace, face aux pr\u00e9mices toujours trompeurs d\u2019un printemps fugace. Puis elle se referme tr\u00e8s vite sur ces hauts plateaux. Dans l\u2019ouverture, les plantes, les arbres, les animaux et les hommes s\u2019empressent d\u2019en profiter.<\/p>\nngg_shortcode_0_placeholder\n","protected":false},"excerpt":{"rendered":"<p>La m\u00e2choire hivernale se desserre lentement, pugnace, face aux pr\u00e9mices toujours trompeurs d\u2019un printemps fugace. Puis elle se referme tr\u00e8s vite sur ces hauts plateaux. Dans l\u2019ouverture, les plantes, les arbres, les animaux et les hommes s\u2019empressent d\u2019en profiter.<\/p>\n","protected":false},"author":1,"featured_media":0,"parent":0,"menu_order":0,"comment_status":"closed","ping_status":"closed","template":"","meta":{"ngg_post_thumbnail":0,"footnotes":""},"class_list":["post-609","page","type-page","status-publish","hentry","entry"],"_links":{"self":[{"href":"https:\/\/pierremonatte.fr\/index.php\/wp-json\/wp\/v2\/pages\/609","targetHints":{"allow":["GET"]}}],"collection":[{"href":"https:\/\/pierremonatte.fr\/index.php\/wp-json\/wp\/v2\/pages"}],"about":[{"href":"https:\/\/pierremonatte.fr\/index.php\/wp-json\/wp\/v2\/types\/page"}],"author":[{"embeddable":true,"href":"https:\/\/pierremonatte.fr\/index.php\/wp-json\/wp\/v2\/users\/1"}],"replies":[{"embeddable":true,"href":"https:\/\/pierremonatte.fr\/index.php\/wp-json\/wp\/v2\/comments?post=609"}],"version-history":[{"count":3,"href":"https:\/\/pierremonatte.fr\/index.php\/wp-json\/wp\/v2\/pages\/609\/revisions"}],"predecessor-version":[{"id":8187,"href":"https:\/\/pierremonatte.fr\/index.php\/wp-json\/wp\/v2\/pages\/609\/revisions\/8187"}],"wp:attachment":[{"href":"https:\/\/pierremonatte.fr\/index.php\/wp-json\/wp\/v2\/media?parent=609"}],"curies":[{"name":"wp","href":"https:\/\/api.w.org\/{rel}","templated":true}]}}