{"id":6056,"date":"2015-12-09T16:47:32","date_gmt":"2015-12-09T16:47:32","guid":{"rendered":"http:\/\/transparency.photocrati.com\/?page_id=6056"},"modified":"2025-12-17T22:48:03","modified_gmt":"2025-12-17T21:48:03","slug":"haute-vallee-de-la-loire","status":"publish","type":"page","link":"https:\/\/pierremonatte.fr\/index.php\/haute-vallee-de-la-loire\/","title":{"rendered":"Haute vall\u00e9e de la Loire"},"content":{"rendered":"<p style=\"text-align: center;\">La Loire est \u00ab\u00a0ma\u00a0\u00bb rivi\u00e8re, celle \u00e0 laquelle je suis reli\u00e9 visc\u00e9ralement, parce que j&rsquo;y ai go\u00fbt\u00e9 la libert\u00e9, l&rsquo;insouciance de l&rsquo;enfance; parce que cette vall\u00e9e a construit ma personnalit\u00e9; parce que j&rsquo;y ai appris les valeurs humaines et parce que la g\u00e9n\u00e9rosit\u00e9 de la nature nous donne aujourd&rsquo;hui la mesure de ce que l&rsquo;humanit\u00e9 s&rsquo;acharne \u00e0 d\u00e9truire.<\/p>\nngg_shortcode_0_placeholder\n","protected":false},"excerpt":{"rendered":"<p>La Loire est \u00ab\u00a0ma\u00a0\u00bb rivi\u00e8re, celle \u00e0 laquelle je suis reli\u00e9 visc\u00e9ralement, parce que j&rsquo;y ai go\u00fbt\u00e9 la libert\u00e9, l&rsquo;insouciance de l&rsquo;enfance; parce que cette vall\u00e9e a construit ma personnalit\u00e9; parce que j&rsquo;y ai appris les valeurs humaines et parce que la g\u00e9n\u00e9rosit\u00e9 de la nature nous donne aujourd&rsquo;hui la mesure de ce que l&rsquo;humanit\u00e9 [&hellip;]<\/p>\n","protected":false},"author":1,"featured_media":0,"parent":0,"menu_order":0,"comment_status":"closed","ping_status":"closed","template":"","meta":{"ngg_post_thumbnail":0,"footnotes":""},"class_list":["post-6056","page","type-page","status-publish","hentry","entry"],"_links":{"self":[{"href":"https:\/\/pierremonatte.fr\/index.php\/wp-json\/wp\/v2\/pages\/6056","targetHints":{"allow":["GET"]}}],"collection":[{"href":"https:\/\/pierremonatte.fr\/index.php\/wp-json\/wp\/v2\/pages"}],"about":[{"href":"https:\/\/pierremonatte.fr\/index.php\/wp-json\/wp\/v2\/types\/page"}],"author":[{"embeddable":true,"href":"https:\/\/pierremonatte.fr\/index.php\/wp-json\/wp\/v2\/users\/1"}],"replies":[{"embeddable":true,"href":"https:\/\/pierremonatte.fr\/index.php\/wp-json\/wp\/v2\/comments?post=6056"}],"version-history":[{"count":5,"href":"https:\/\/pierremonatte.fr\/index.php\/wp-json\/wp\/v2\/pages\/6056\/revisions"}],"predecessor-version":[{"id":9216,"href":"https:\/\/pierremonatte.fr\/index.php\/wp-json\/wp\/v2\/pages\/6056\/revisions\/9216"}],"wp:attachment":[{"href":"https:\/\/pierremonatte.fr\/index.php\/wp-json\/wp\/v2\/media?parent=6056"}],"curies":[{"name":"wp","href":"https:\/\/api.w.org\/{rel}","templated":true}]}}