{"id":6054,"date":"2015-12-09T16:42:31","date_gmt":"2015-12-09T16:42:31","guid":{"rendered":"http:\/\/transparency.photocrati.com\/digital-downloads\/"},"modified":"2025-12-14T16:14:38","modified_gmt":"2025-12-14T15:14:38","slug":"galeries-par-couleurs","status":"publish","type":"page","link":"https:\/\/pierremonatte.fr\/index.php\/galeries-par-couleurs\/","title":{"rendered":"Galeries par couleurs"},"content":{"rendered":"<p>Afin de faciliter le choix essentiellement pour un tirage photographique harmonieux avec les nuances de vos murs ou de votre pi\u00e8ce, les photos sont class\u00e9es par th\u00e8mes de couleur:<\/p>\n","protected":false},"excerpt":{"rendered":"<p>Afin de faciliter le choix essentiellement pour un tirage photographique harmonieux avec les nuances de vos murs ou de votre pi\u00e8ce, les photos sont class\u00e9es par th\u00e8mes de couleur:<\/p>\n","protected":false},"author":1,"featured_media":0,"parent":0,"menu_order":0,"comment_status":"closed","ping_status":"closed","template":"","meta":{"ngg_post_thumbnail":0,"footnotes":""},"class_list":["post-6054","page","type-page","status-publish","hentry","entry"],"_links":{"self":[{"href":"https:\/\/pierremonatte.fr\/index.php\/wp-json\/wp\/v2\/pages\/6054","targetHints":{"allow":["GET"]}}],"collection":[{"href":"https:\/\/pierremonatte.fr\/index.php\/wp-json\/wp\/v2\/pages"}],"about":[{"href":"https:\/\/pierremonatte.fr\/index.php\/wp-json\/wp\/v2\/types\/page"}],"author":[{"embeddable":true,"href":"https:\/\/pierremonatte.fr\/index.php\/wp-json\/wp\/v2\/users\/1"}],"replies":[{"embeddable":true,"href":"https:\/\/pierremonatte.fr\/index.php\/wp-json\/wp\/v2\/comments?post=6054"}],"version-history":[{"count":1,"href":"https:\/\/pierremonatte.fr\/index.php\/wp-json\/wp\/v2\/pages\/6054\/revisions"}],"predecessor-version":[{"id":8812,"href":"https:\/\/pierremonatte.fr\/index.php\/wp-json\/wp\/v2\/pages\/6054\/revisions\/8812"}],"wp:attachment":[{"href":"https:\/\/pierremonatte.fr\/index.php\/wp-json\/wp\/v2\/media?parent=6054"}],"curies":[{"name":"wp","href":"https:\/\/api.w.org\/{rel}","templated":true}]}}