{"id":584,"date":"2015-12-09T16:32:54","date_gmt":"2015-12-09T16:32:54","guid":{"rendered":"http:\/\/transparency.photocrati.com\/?page_id=584"},"modified":"2024-04-25T13:56:17","modified_gmt":"2024-04-25T11:56:17","slug":"nuit-en-mezenc","status":"publish","type":"page","link":"https:\/\/pierremonatte.fr\/index.php\/nuit-en-mezenc\/","title":{"rendered":"Nuit en M\u00e9zenc"},"content":{"rendered":"<p>La nuit, la vo\u00fbte c\u00e9leste et les sommets se rapprochent. Le plus, ici, c&rsquo;est que rien n&rsquo;arr\u00eate le regard. Alors on d\u00e9couvre la dimension dans la dimension, engonc\u00e9 dans la doudoune et le silence.<\/p>\nngg_shortcode_0_placeholder\n","protected":false},"excerpt":{"rendered":"<p>La nuit, la vo\u00fbte c\u00e9leste et les sommets se rapprochent. Le plus, ici, c&rsquo;est que rien n&rsquo;arr\u00eate le regard. Alors on d\u00e9couvre la dimension dans la dimension, engonc\u00e9 dans la doudoune et le silence. &nbsp;<\/p>\n","protected":false},"author":1,"featured_media":0,"parent":0,"menu_order":0,"comment_status":"closed","ping_status":"closed","template":"","meta":{"ngg_post_thumbnail":0,"footnotes":""},"class_list":["post-584","page","type-page","status-publish","hentry","entry"],"_links":{"self":[{"href":"https:\/\/pierremonatte.fr\/index.php\/wp-json\/wp\/v2\/pages\/584","targetHints":{"allow":["GET"]}}],"collection":[{"href":"https:\/\/pierremonatte.fr\/index.php\/wp-json\/wp\/v2\/pages"}],"about":[{"href":"https:\/\/pierremonatte.fr\/index.php\/wp-json\/wp\/v2\/types\/page"}],"author":[{"embeddable":true,"href":"https:\/\/pierremonatte.fr\/index.php\/wp-json\/wp\/v2\/users\/1"}],"replies":[{"embeddable":true,"href":"https:\/\/pierremonatte.fr\/index.php\/wp-json\/wp\/v2\/comments?post=584"}],"version-history":[{"count":4,"href":"https:\/\/pierremonatte.fr\/index.php\/wp-json\/wp\/v2\/pages\/584\/revisions"}],"predecessor-version":[{"id":8230,"href":"https:\/\/pierremonatte.fr\/index.php\/wp-json\/wp\/v2\/pages\/584\/revisions\/8230"}],"wp:attachment":[{"href":"https:\/\/pierremonatte.fr\/index.php\/wp-json\/wp\/v2\/media?parent=584"}],"curies":[{"name":"wp","href":"https:\/\/api.w.org\/{rel}","templated":true}]}}