{"id":392,"date":"2019-11-27T22:38:20","date_gmt":"2019-11-27T22:38:20","guid":{"rendered":"https:\/\/sample.photocrati.com\/?page_id=392"},"modified":"2025-12-16T22:28:20","modified_gmt":"2025-12-16T21:28:20","slug":"accueil","status":"publish","type":"page","link":"https:\/\/pierremonatte.fr\/index.php\/accueil\/","title":{"rendered":"Accueil"},"content":{"rendered":"\t\t<div data-elementor-type=\"wp-page\" data-elementor-id=\"392\" class=\"elementor elementor-392\">\n\t\t\t\t\t\t<section class=\"elementor-section elementor-top-section elementor-element elementor-element-4e694f03 elementor-section-boxed elementor-section-height-default elementor-section-height-default\" data-id=\"4e694f03\" data-element_type=\"section\" data-e-type=\"section\">\n\t\t\t\t\t\t<div class=\"elementor-container elementor-column-gap-default\">\n\t\t\t\t\t<div class=\"elementor-column elementor-col-100 elementor-top-column elementor-element elementor-element-2b14591d\" data-id=\"2b14591d\" data-element_type=\"column\" data-e-type=\"column\">\n\t\t\t<div class=\"elementor-widget-wrap elementor-element-populated\">\n\t\t\t\t\t\t<div class=\"elementor-element elementor-element-174c5367 elementor-widget elementor-widget-text-editor\" data-id=\"174c5367\" data-element_type=\"widget\" data-e-type=\"widget\" data-widget_type=\"text-editor.default\">\n\t\t\t\t<div class=\"elementor-widget-container\">\n\t\t\t\t\t\t\t\t\t<div class=\"wp-block-cover is-light has-background-dim-NaN\">\n<p><img fetchpriority=\"high\" decoding=\"async\" width=\"2560\" height=\"1708\" class=\"wp-block-cover__image-background wp-image-505\" src=\"https:\/\/pierremonatte.fr\/wp-content\/uploads\/2024\/03\/6I5A3661-2-scaled.jpg\" alt=\"\" data-object-fit=\"cover\" srcset=\"https:\/\/pierremonatte.fr\/wp-content\/uploads\/2024\/03\/6I5A3661-2-scaled.jpg 2560w, https:\/\/pierremonatte.fr\/wp-content\/uploads\/2024\/03\/6I5A3661-2-300x200.jpg 300w, https:\/\/pierremonatte.fr\/wp-content\/uploads\/2024\/03\/6I5A3661-2-1024x683.jpg 1024w, https:\/\/pierremonatte.fr\/wp-content\/uploads\/2024\/03\/6I5A3661-2-768x512.jpg 768w, https:\/\/pierremonatte.fr\/wp-content\/uploads\/2024\/03\/6I5A3661-2-1536x1025.jpg 1536w, https:\/\/pierremonatte.fr\/wp-content\/uploads\/2024\/03\/6I5A3661-2-2048x1366.jpg 2048w\" sizes=\"(max-width: 2560px) 100vw, 2560px\" \/><\/p>\n<div class=\"wp-block-cover__inner-container\">\n<p><\/p>\n<p class=\"has-text-align-center has-text-color has-large-font-size\" style=\"color: #ffffff;\">Saisir et Magnifier.<\/p>\n<p><\/p>\n<\/div>\n<\/div>\n<p><!-- \/wp:cover --><!-- wp:spacer {\"height\":\"150px\"} --><\/p>\n<div class=\"wp-block-spacer\" style=\"height: 150px;\" aria-hidden=\"true\">\u00a0<\/div>\n<p><!-- \/wp:spacer --><!-- wp:columns --><\/p>\n<div class=\"wp-block-columns\">\n<p><!-- wp:column {\"width\":\"15%\"} --><\/p>\n<div class=\"wp-block-column\" style=\"flex-basis: 15%;\">\u00a0<\/div>\n<p><!-- \/wp:column --><!-- wp:column {\"width\":\"35%\"} --><\/p>\n<div class=\"wp-block-column\" style=\"flex-basis: 35%;\">\n<p><!-- wp:gallery {\"linkTo\":\"none\"} --><\/p>\n<figure class=\"wp-block-gallery has-nested-images columns-default is-cropped\"><!-- wp:image {\"id\":376,\"sizeSlug\":\"large\"} -->\n<p>\u00a0<\/p>\n<figure class=\"wp-block-image size-large\"><img decoding=\"async\" class=\"wp-image-376\" src=\"https:\/\/artisandark.photocrati.com\/files\/2019\/11\/Unsplash-People-136-1024x682.jpg\" alt=\"\" \/><\/figure>\n<p><!-- \/wp:image --><\/p>\n<\/figure>\n<p><!-- \/wp:gallery --><\/p>\n<\/div>\n<p><!-- \/wp:column --><!-- wp:column {\"width\":\"35%\"} --><\/p>\n<div class=\"wp-block-column\" style=\"flex-basis: 35%;\">\n<p><!-- wp:paragraph {\"fontSize\":\"large\"} --><\/p>\n<p class=\"has-large-font-size\"><span style=\"color: #f5f5f5;\"><em>\u00ab\u00a0L\u00e0 o\u00f9 l&rsquo;horizon est plat, je ne tiens pas\u00a0\u00bb <\/em><\/span><\/p>\n<p><span style=\"color: #f5f5f5;\"><!-- \/wp:paragraph --><!-- wp:paragraph {\"fontSize\":\"large\"} --><\/span><\/p>\n<p class=\"has-large-font-size\"><span style=\"color: #f5f5f5;\"><em><sup>Louis Oreiller<\/sup><\/em><\/span><\/p>\n<p><!-- \/wp:paragraph --><!-- wp:heading {\"level\":1} --><\/p>\n<h1 class=\"wp-block-heading\">Amoureux de montagne, de grands espaces, de d\u00e9fis, p\u00eacheur \u00e0 la mouche, l\u2019image est devenue le lien de toutes mes activit\u00e9s.<\/h1>\n<p><!-- \/wp:heading --><!-- wp:heading --><\/p>\n<h2 class=\"wp-block-heading\"><mark class=\"has-inline-color has-cyan-bluish-gray-color\" style=\"background-color: rgba(0, 0, 0, 0);\"><a href=\"https:\/\/pierremonatte.fr\/index.php\/about\/\" data-type=\"link\" data-id=\"https:\/\/pierremonatte.fr\/index.php\/about\/\">en savoir plus&#8230;<\/a><\/mark><\/h2>\n<p><!-- \/wp:heading --><\/p>\n<\/div>\n<p><!-- \/wp:column --><!-- wp:column {\"width\":\"15%\"} --><\/p>\n<div class=\"wp-block-column\" style=\"flex-basis: 15%;\">\u00a0<\/div>\n<p><!-- \/wp:column --><\/p>\n<\/div>\n<p><!-- \/wp:columns --><!-- wp:spacer {\"height\":\"150px\"} --><\/p>\n<div class=\"wp-block-spacer\" style=\"height: 150px;\" aria-hidden=\"true\">\u00a0<\/div>\n<p><!-- \/wp:spacer --><!-- wp:imagely\/nextgen-gallery --><\/p>\n<p><!-- \/wp:imagely\/nextgen-gallery --><!-- wp:spacer {\"height\":\"150px\"} --><\/p>\n<div class=\"wp-block-spacer\" style=\"height: 150px;\" aria-hidden=\"true\">\u00a0<\/div>\n<p><!-- \/wp:spacer --><!-- wp:columns --><\/p>\n<div class=\"wp-block-columns\">\n<p><!-- wp:column {\"width\":\"12%\"} --><\/p>\n<div class=\"wp-block-column\" style=\"flex-basis: 12%;\">\u00a0<\/div>\n<p><!-- \/wp:column --><!-- wp:column {\"width\":\"25.33%\"} --><\/p>\n<div class=\"wp-block-column\" style=\"flex-basis: 25.33%;\">\n<p><!-- wp:image {\"id\":375,\"sizeSlug\":\"large\"} --><\/p>\n<figure class=\"wp-block-image size-large\"><img decoding=\"async\" class=\"wp-image-375\" src=\"https:\/\/artisandark.photocrati.com\/files\/2019\/11\/Unsplash-People-100-1024x683.jpg\" alt=\"\" \/><\/figure>\n<p><!-- \/wp:image --><!-- wp:paragraph {\"align\":\"center\",\"style\":{\"typography\":{\"fontSize\":28}}} --><\/p>\n<p class=\"has-text-align-center\" style=\"font-size: 28px;\"><span style=\"color: #ffffff;\">Neige en M\u00e9zenc<\/span><\/p>\n<p><span style=\"color: #ffffff;\"><!-- \/wp:paragraph --><!-- wp:paragraph {\"align\":\"center\"} --><\/span><\/p>\n<p class=\"has-text-align-center\"><span style=\"color: #ffffff;\">Ici, la lumi\u00e8re de l\u2019aube glaciale nous plonge dans un paradis \u00e9ph\u00e9m\u00e8re o\u00f9 le vent ac\u00e9r\u00e9 et la neige s\u2019allient pour rajouter la puissance \u00e0 la beaut\u00e9.<\/span><\/p>\n<p><!-- \/wp:paragraph --><!-- wp:button {\"className\":\"aligncenter\"} --><\/p>\n<div class=\"wp-block-button aligncenter\"><a class=\"wp-block-button__link wp-element-button\" href=\"https:\/\/pierremonatte.fr\/index.php\/neige-en-mezenc\/\">plus&#8230;<\/a><\/div>\n<p><!-- \/wp:button --><\/p>\n<\/div>\n<p><!-- \/wp:column --><!-- wp:column {\"width\":\"25.33%\"} --><\/p>\n<div class=\"wp-block-column\" style=\"flex-basis: 25.33%;\">\n<p><!-- wp:image {\"id\":366,\"sizeSlug\":\"large\"} --><\/p>\n<figure class=\"wp-block-image size-large\"><img decoding=\"async\" class=\"wp-image-366\" src=\"https:\/\/artisandark.photocrati.com\/files\/2019\/11\/Unsplash-61-1024x682.jpg\" alt=\"\" \/><\/figure>\n<p><!-- \/wp:image --><!-- wp:paragraph {\"align\":\"center\",\"style\":{\"typography\":{\"fontSize\":28}}} --><\/p>\n<p class=\"has-text-align-center\" style=\"font-size: 28px;\"><span style=\"color: #ffffff;\">L&rsquo;autre montagne: ALPES<\/span><\/p>\n<p><span style=\"color: #ffffff;\"><!-- \/wp:paragraph --><!-- wp:paragraph {\"align\":\"center\"} --><\/span><\/p>\n<p><span style=\"color: #ffffff;\">L\u00e0 haut, je me suis senti toujours plus vivant, plus libre, plus vrai: je me suis r\u00e9alis\u00e9.<\/span><\/p>\n<p><!-- \/wp:paragraph --><!-- wp:button {\"className\":\"aligncenter\"} --><\/p>\n<div class=\"wp-block-button aligncenter\"><a class=\"wp-block-button__link wp-element-button\" href=\"https:\/\/pierremonatte.fr\/index.php\/lautre-montagne-alpes\/\">plus&#8230;<\/a><\/div>\n<p><!-- \/wp:paragraph --><!-- wp:button {\"className\":\"aligncenter\"} --><\/p>\n<div class=\"wp-block-button aligncenter\">\u00a0<\/div>\n<p><!-- \/wp:button --><\/p>\n<\/div>\n<p><!-- \/wp:column --><!-- wp:column {\"width\":\"25.33%\"} --><\/p>\n<div class=\"wp-block-column\" style=\"flex-basis: 25.33%;\">\n<p><!-- wp:image {\"id\":371,\"sizeSlug\":\"large\"} --><\/p>\n<figure class=\"wp-block-image size-large\"><img decoding=\"async\" class=\"wp-image-371\" src=\"https:\/\/artisandark.photocrati.com\/files\/2019\/11\/Unsplash-Landscape-102-1024x682.jpg\" alt=\"\" \/><\/figure>\n<p><!-- \/wp:image --><!-- wp:paragraph {\"align\":\"center\",\"style\":{\"typography\":{\"fontSize\":28}}} --><\/p>\n<p class=\"has-text-align-center\" style=\"font-size: 28px;\"><span style=\"color: #ffffff;\">BESTIAIRE SAUVAGE<\/span><\/p>\n<p><span style=\"color: #ffffff;\"><!-- \/wp:paragraph --><!-- wp:paragraph {\"align\":\"center\"} --><\/span><\/p>\n<p class=\"has-text-align-center\"><span style=\"color: #ffffff;\">\u00ab C\u2019est par l\u2019attention \u00e0 la finesse d\u2019un complexe comportemental et \u00e9motionnel chez l\u2019animal que nous finissons par mieux comprendre qui nous sommes &#8230; \u00bb<\/span><\/p>\n<p><!-- \/wp:paragraph --><!-- wp:button {\"className\":\"aligncenter\"} --><\/p>\n<div class=\"wp-block-button aligncenter\"><a class=\"wp-block-button__link wp-element-button\" href=\"https:\/\/pierremonatte.fr\/index.php\/bestiaire-sauvage\/\">plus&#8230;<\/a><\/div>\n<p><!-- \/wp:button --><\/p>\n<\/div>\n<p><!-- \/wp:column --><!-- wp:column {\"width\":\"12%\"} --><\/p>\n<div class=\"wp-block-column\" style=\"flex-basis: 12%;\">\u00a0<\/div>\n<p><!-- \/wp:column --><\/p>\n<\/div>\n<p><!-- \/wp:columns --><!-- wp:spacer {\"height\":\"150px\"} --><\/p>\n<div class=\"wp-block-spacer\" style=\"height: 150px;\" aria-hidden=\"true\">\u00a0<\/div>\n<p><!-- \/wp:spacer --><!-- wp:cover {\"url\":\"https:\/\/artisandark.photocrati.com\/files\/2019\/11\/Unsplash-Wedding-108.jpg\",\"id\":380,\"dimRatio\":50,\"className\":\"is-light has-background-dim-NaN\"} --><\/p>\n<div class=\"wp-block-cover is-light has-background-dim-NaN\"><img decoding=\"async\" class=\"wp-block-cover__image-background wp-image-380\" src=\"https:\/\/artisandark.photocrati.com\/files\/2019\/11\/Unsplash-Wedding-108.jpg\" alt=\"\" data-object-fit=\"cover\" \/>\n<div data-mode=\"normal\" data-oembed=\"1\" data-provider=\"vimeo\" id=\"arve-vimeo-506496758\" style=\"max-width:1200px;\" class=\"arve\">\n\t<div class=\"arve-inner\">\n\t\t<div class=\"arve-embed arve-embed--has-aspect-ratio\">\n\t\t\t<div class=\"arve-ar\" style=\"padding-top:56.250000%\"><\/div>\n\t\t\t<iframe allow=\"accelerometer &apos;none&apos;;autoplay &apos;none&apos;;bluetooth &apos;none&apos;;browsing-topics &apos;none&apos;;camera &apos;none&apos;;clipboard-read &apos;none&apos;;clipboard-write;display-capture &apos;none&apos;;encrypted-media &apos;none&apos;;gamepad &apos;none&apos;;geolocation &apos;none&apos;;gyroscope &apos;none&apos;;hid &apos;none&apos;;identity-credentials-get &apos;none&apos;;idle-detection &apos;none&apos;;keyboard-map &apos;none&apos;;local-fonts;magnetometer &apos;none&apos;;microphone &apos;none&apos;;midi &apos;none&apos;;otp-credentials &apos;none&apos;;payment &apos;none&apos;;picture-in-picture;publickey-credentials-create &apos;none&apos;;publickey-credentials-get &apos;none&apos;;screen-wake-lock &apos;none&apos;;serial &apos;none&apos;;summarizer &apos;none&apos;;sync-xhr;usb &apos;none&apos;;web-share;window-management &apos;none&apos;;xr-spatial-tracking &apos;none&apos;;\" allowfullscreen=\"\" class=\"arve-iframe fitvidsignore\" credentialless data-arve=\"arve-vimeo-506496758\" data-lenis-prevent=\"\" data-src-no-ap=\"https:\/\/player.vimeo.com\/video\/506496758?dnt=1&amp;app_id=122963&amp;transparent=0&amp;title=1&amp;byline=0&amp;portrait=0&amp;autoplay=0\" frameborder=\"0\" height=\"675\" loading=\"lazy\" name=\"\" referrerpolicy=\"strict-origin-when-cross-origin\" sandbox=\"allow-scripts allow-same-origin allow-presentation allow-popups allow-popups-to-escape-sandbox allow-forms\" scrolling=\"no\" src=\"https:\/\/player.vimeo.com\/video\/506496758?dnt=1&#038;app_id=122963&#038;transparent=0&#038;title=1&#038;byline=0&#038;portrait=0&#038;autoplay=0\" title=\"\" width=\"1200\"><\/iframe>\n\t\t\t\n\t\t<\/div>\n\t\t\n\t<\/div>\n\t\n\t\n\t<script type=\"application\/ld+json\">{\"@context\":\"http:\\\/\\\/schema.org\\\/\",\"@id\":\"https:\\\/\\\/pierremonatte.fr\\\/index.php\\\/accueil\\\/#arve-vimeo-506496758\",\"type\":\"VideoObject\",\"embedURL\":\"https:\\\/\\\/player.vimeo.com\\\/video\\\/506496758?dnt=1&app_id=122963&transparent=0&title=1&byline=0&portrait=0&autoplay=0\"}<\/script>\n\t\n<\/div><\/div>\n<div class=\"wp-block-columns\">\n<p><!-- wp:column {\"width\":\"25%\"} --><\/p>\n<div class=\"wp-block-column\" style=\"flex-basis: 25%;\">\u00a0<\/div>\n<p><!-- \/wp:column --><!-- wp:column {\"width\":\"50%\"} --><\/p>\n<div class=\"wp-block-column\" style=\"flex-basis: 50%;\">\n<p><!-- wp:paragraph {\"align\":\"center\",\"fontSize\":\"large\"} --><\/p>\n<h3 class=\"has-text-align-center has-large-font-size\">PHOTOGRAPHIER LA NATURE<\/h3>\n<p><!-- \/wp:paragraph --><!-- wp:paragraph {\"align\":\"center\",\"fontSize\":\"normal\"} --><\/p>\n<h4 class=\"has-text-align-center has-normal-font-size\">Respirer, regarder, ressentir&#8230;<\/h4>\n<p style=\"text-align: center;\"><span style=\"color: #ffffff;\">Photographier un paysage de neige ou un ciel tourment\u00e9 proc\u00e8dent du m\u00eame objectif : faire ressentir la puissance des \u00e9l\u00e9ments, faire ressentir la force des montagnes ou celle des oc\u00e9ans, partager cette fascination d\u2019une nature libre et indompt\u00e9e.<\/span><\/p>\n<p style=\"text-align: center;\"><span style=\"color: #ffffff;\">Lorsque la lumi\u00e8re devient rasante, le relief accentue ses contrastes, sature ses couleurs, prend une autre dimension, comme si certains matins ou certains soirs, le paysage entamait sa parade nuptiale pour mieux s\u00e9duire les hommes. Rechercher et photographier ces lumi\u00e8res exceptionnelles est devenu une addiction, un aveu de faiblesse face \u00e0 l\u2019ensorcellement exerc\u00e9e par la nature.<\/span><\/p>\n<h4 style=\"text-align: center;\"><span style=\"color: #ffffff;\">Raconter\u2026<\/span><\/h4>\n<p style=\"text-align: center;\"><span style=\"color: #ffffff;\">L\u2019attrait de l\u2019image a d\u00e9but\u00e9 pour moi avec l\u2019envie de cr\u00e9er des films. L\u2019id\u00e9e premi\u00e8re \u00e9tait de raconter une histoire au travers d\u2019images film\u00e9es. Le savoir- faire technique progressant, la photographie a pris une place de plus en plus pr\u00e9pond\u00e9rante. Derri\u00e8re cette \u00e9volution se cache une exigence. L\u2019id\u00e9e de d\u00e9part est toujours la m\u00eame : raconter. Le fait de vouloir raconter au travers d\u2019une image seule constitue ainsi l\u2019exigence ultime, l\u2019esprit de synth\u00e8se absolu.<\/span><\/p>\n<p style=\"text-align: center;\"><span style=\"color: #ffffff;\">Raconter, c\u2019est avant tout susciter une \u00e9motion. C\u2019est cette \u00e9motion qui va transporter le spectateur dans son histoire, celle de son pass\u00e9, celle de son v\u00e9cu, celle de ses souvenirs d\u2019enfance ou celle d\u2019une personnalit\u00e9 ou d\u2019un imaginaire construit par toutes ces exp\u00e9riences.<\/span><\/p>\n<p><span style=\"color: #ffffff;\"><!-- \/wp:paragraph --><\/span><\/p>\n<\/div>\n<p><span style=\"color: #ffffff;\"><!-- \/wp:column --><!-- wp:column {\"width\":\"25%\"} --><\/span><\/p>\n<div class=\"wp-block-column\" style=\"flex-basis: 25%;\">\u00a0<\/div>\n<p><span style=\"color: #ffffff;\"><!-- \/wp:column --><\/span><\/p>\n<\/div>\n<p><span style=\"color: #ffffff;\"><!-- \/wp:columns --><!-- wp:spacer {\"height\":\"150px\"} --><\/span><\/p>\n<div class=\"wp-block-spacer\" style=\"height: 150px;\" aria-hidden=\"true\">\u00a0<\/div>\n<p><!-- \/wp:spacer --><\/p>\t\t\t\t\t\t\t\t<\/div>\n\t\t\t\t<\/div>\n\t\t\t\t\t<\/div>\n\t\t<\/div>\n\t\t\t\t\t<\/div>\n\t\t<\/section>\n\t\t\t\t<\/div>\n\t\t","protected":false},"excerpt":{"rendered":"<p>Saisir et Magnifier. \u00a0 \u00a0 \u00a0 \u00ab\u00a0L\u00e0 o\u00f9 l&rsquo;horizon est plat, je ne tiens pas\u00a0\u00bb Louis Oreiller Amoureux de montagne, de grands espaces, de d\u00e9fis, p\u00eacheur \u00e0 la mouche, l\u2019image est devenue le lien de toutes mes activit\u00e9s. en savoir plus&#8230; \u00a0 \u00a0 \u00a0 \u00a0 Neige en M\u00e9zenc Ici, la lumi\u00e8re de l\u2019aube glaciale nous [&hellip;]<\/p>\n","protected":false},"author":1,"featured_media":0,"parent":0,"menu_order":0,"comment_status":"closed","ping_status":"closed","template":"","meta":{"ngg_post_thumbnail":0,"footnotes":""},"class_list":["post-392","page","type-page","status-publish","hentry","entry"],"_links":{"self":[{"href":"https:\/\/pierremonatte.fr\/index.php\/wp-json\/wp\/v2\/pages\/392","targetHints":{"allow":["GET"]}}],"collection":[{"href":"https:\/\/pierremonatte.fr\/index.php\/wp-json\/wp\/v2\/pages"}],"about":[{"href":"https:\/\/pierremonatte.fr\/index.php\/wp-json\/wp\/v2\/types\/page"}],"author":[{"embeddable":true,"href":"https:\/\/pierremonatte.fr\/index.php\/wp-json\/wp\/v2\/users\/1"}],"replies":[{"embeddable":true,"href":"https:\/\/pierremonatte.fr\/index.php\/wp-json\/wp\/v2\/comments?post=392"}],"version-history":[{"count":30,"href":"https:\/\/pierremonatte.fr\/index.php\/wp-json\/wp\/v2\/pages\/392\/revisions"}],"predecessor-version":[{"id":9182,"href":"https:\/\/pierremonatte.fr\/index.php\/wp-json\/wp\/v2\/pages\/392\/revisions\/9182"}],"wp:attachment":[{"href":"https:\/\/pierremonatte.fr\/index.php\/wp-json\/wp\/v2\/media?parent=392"}],"curies":[{"name":"wp","href":"https:\/\/api.w.org\/{rel}","templated":true}]}}