{"id":381,"date":"2016-02-17T22:30:40","date_gmt":"2016-02-17T22:30:40","guid":{"rendered":"http:\/\/imagelydemo.com.routing.wpmanagedhost.com\/?page_id=6"},"modified":"2025-02-15T08:21:48","modified_gmt":"2025-02-15T07:21:48","slug":"about","status":"publish","type":"page","link":"https:\/\/pierremonatte.fr\/index.php\/about\/","title":{"rendered":"Qui suis-je?"},"content":{"rendered":"\t\t<div data-elementor-type=\"wp-page\" data-elementor-id=\"381\" class=\"elementor elementor-381\">\n\t\t\t\t\t\t<section class=\"elementor-section elementor-top-section elementor-element elementor-element-61042907 elementor-section-boxed elementor-section-height-default elementor-section-height-default\" data-id=\"61042907\" data-element_type=\"section\" data-e-type=\"section\" data-settings=\"{&quot;background_background&quot;:&quot;classic&quot;}\">\n\t\t\t\t\t\t<div class=\"elementor-container elementor-column-gap-default\">\n\t\t\t\t\t<div class=\"elementor-column elementor-col-100 elementor-top-column elementor-element elementor-element-c3e154b\" data-id=\"c3e154b\" data-element_type=\"column\" data-e-type=\"column\" data-settings=\"{&quot;background_background&quot;:&quot;classic&quot;}\">\n\t\t\t<div class=\"elementor-widget-wrap elementor-element-populated\">\n\t\t\t\t\t\t<div class=\"elementor-element elementor-element-64b532b1 elementor-widget elementor-widget-text-editor\" data-id=\"64b532b1\" data-element_type=\"widget\" data-e-type=\"widget\" data-widget_type=\"text-editor.default\">\n\t\t\t\t<div class=\"elementor-widget-container\">\n\t\t\t\t\t\t\t\t\t<p><\/p>\n<div class=\"wp-block-spacer\" style=\"height: 100px;\" aria-hidden=\"true\">&nbsp;<\/div>\n<p><\/p>\n<div class=\"wp-block-columns has-2-columns\">\n<p><\/p>\n<div class=\"wp-block-column is-layout-flow wp-block-column-is-layout-flow\">\n<p><\/p>\n<figure class=\"wp-block-image\"><img decoding=\"async\" class=\"wp-image-376\" src=\"https:\/\/artisandark.photocrati.com\/files\/2019\/11\/Unsplash-People-136-1024x682.jpg\" alt=\"\"><\/figure>\n<\/div>\n<div class=\"wp-block-column\">\n<blockquote>\n<h1><span style=\"color: #333333;\">Amoureux de montagne, de grands espaces, de d\u00e9fis, p\u00eacheur \u00e0 la mouche, l&rsquo;image est devenue le lien de toutes mes activit\u00e9s.<\/span><\/h1>\n<\/blockquote>\n<blockquote>\n<p>Apr\u00e8s de nombreuses ann\u00e9es immerg\u00e9 dans les rivi\u00e8res et la nature, l\u2019image est devenue pour moi un moyen de sensibilisation au respect de notre environnement.<\/p>\n<\/blockquote>\n<blockquote>\n<p>Au fur et \u00e0 mesure de ma progression totalement autodidacte,&nbsp; j\u2019ai appris \u00e0 exercer mon \u0153il sur un cadre, sur des lumi\u00e8res. J\u2019ai appris \u00e0 anticiper ce que je vais rechercher. Cependant, la nature reste ma\u00eetresse, elle fait le reste et le boitier photo permet d\u2019arr\u00eater le temps sur un instant magique fait de lumi\u00e8res aussi irr\u00e9elles que fugaces. De ces moments de communion intense est n\u00e9e une vraie passion pour la photographie de nature.<\/p>\n<\/blockquote>\n<blockquote>\n<p>Une seconde motivation plus \u00e9go\u00efste et certainement tr\u00e8s misanthrope est une recherche de solitude en m\u2019immergeant dans la nature. Ce sentiment d\u2019\u00eatre seul au monde est encore plus pr\u00e9gnant le matin tr\u00e8s t\u00f4t. Apr\u00e8s avoir calcul\u00e9 le point et l\u2019axe du lever de soleil pour d\u00e9terminer ma position par rapport \u00e0 l\u2019objet que je souhaite mettre en valeur, la marche d\u2019approche en fin de nuit et la mise en place me positionne tel un oiseau de proie, telle une vigie sur le monde qui rena\u00eet. L\u2019heure bleue pr\u00e9c\u00e9dant les premiers rayons du soleil est invariablement un grand luxe de calme et de plaisir. Parfois un chevreuil ou un renard d\u00e9joue mon objectif et me remet \u00e0 ma place d\u2019animal inadapt\u00e9 et certainement en mal d\u2019aptitudes. L\u2019immersion dans l\u2019aube du monde essaie peut-\u00eatre de compenser l\u2019inaptitude intrins\u00e8que de notre condition d\u2019humain.<\/p>\n<\/blockquote>\n<blockquote>\n<p>Je n\u2019ai aucune id\u00e9e sur le fait que mes photographies puissent \u00e9ventuellement traduire cette id\u00e9e de solitude et de r\u00eaverie misanthrope mais elles s\u2019\u00e9laborent plus ou moins consciemment comme telle dans mon esprit.<\/p>\n<\/blockquote>\n<blockquote>\n<p>En allant un peu plus loin dans cette forme d\u2019auto-analyse, il est fondamentalement question de libert\u00e9. La libert\u00e9 de l\u2019oiseau de proie, pos\u00e9 sur son poste de vigie pr\u00eat \u00e0 saisir les lumi\u00e8res, loin des vicissitudes du monde humain, loin du brouhaha citadin. Saisir la beaut\u00e9 libre du monde renaissant tous les matins comme pour mieux traduire la laideur de nos contraintes humaines quotidiennes et in\u00e9vitables.<\/p>\n<\/blockquote>\n<\/div>\n<\/div>\n<p><\/p>\t\t\t\t\t\t\t\t<\/div>\n\t\t\t\t<\/div>\n\t\t\t\t\t<\/div>\n\t\t<\/div>\n\t\t\t\t\t<\/div>\n\t\t<\/section>\n\t\t\t\t<section class=\"elementor-section elementor-top-section elementor-element elementor-element-2fba987 elementor-section-boxed elementor-section-height-default elementor-section-height-default\" data-id=\"2fba987\" data-element_type=\"section\" data-e-type=\"section\">\n\t\t\t\t\t\t<div class=\"elementor-container elementor-column-gap-default\">\n\t\t\t\t\t<div class=\"elementor-column elementor-col-100 elementor-top-column elementor-element elementor-element-ed56c6a\" data-id=\"ed56c6a\" data-element_type=\"column\" data-e-type=\"column\">\n\t\t\t<div class=\"elementor-widget-wrap elementor-element-populated\">\n\t\t\t\t\t\t<div class=\"elementor-element elementor-element-3581684 elementor-widget elementor-widget-image\" data-id=\"3581684\" data-element_type=\"widget\" data-e-type=\"widget\" data-widget_type=\"image.default\">\n\t\t\t\t<div class=\"elementor-widget-container\">\n\t\t\t\t\t\t\t\t\t\t\t\t\t\t\t<img fetchpriority=\"high\" decoding=\"async\" width=\"300\" height=\"300\" src=\"https:\/\/pierremonatte.fr\/wp-content\/uploads\/2024\/03\/PM-Photography-and-films-300x300.png\" class=\"attachment-medium size-medium wp-image-506\" alt=\"\" srcset=\"https:\/\/pierremonatte.fr\/wp-content\/uploads\/2024\/03\/PM-Photography-and-films-300x300.png 300w, https:\/\/pierremonatte.fr\/wp-content\/uploads\/2024\/03\/PM-Photography-and-films-1024x1024.png 1024w, https:\/\/pierremonatte.fr\/wp-content\/uploads\/2024\/03\/PM-Photography-and-films-150x150.png 150w, https:\/\/pierremonatte.fr\/wp-content\/uploads\/2024\/03\/PM-Photography-and-films-768x768.png 768w, https:\/\/pierremonatte.fr\/wp-content\/uploads\/2024\/03\/PM-Photography-and-films.png 1200w\" sizes=\"(max-width: 300px) 100vw, 300px\" \/>\t\t\t\t\t\t\t\t\t\t\t\t\t\t\t<\/div>\n\t\t\t\t<\/div>\n\t\t\t\t\t<\/div>\n\t\t<\/div>\n\t\t\t\t\t<\/div>\n\t\t<\/section>\n\t\t<\/p>\n<p><\/p>\n<div class=\"wp-block-columns has-2-columns is-layout-flex wp-container-core-columns-is-layout-9d6595d7 wp-block-columns-is-layout-flex\">\n<p><!-- wp:column --><\/p>\n<div class=\"wp-block-column\">\n<p><!-- wp:image {\"id\":376} --><\/p>\n<figure class=\"wp-block-image\"><img decoding=\"async\" class=\"wp-image-376\" src=\"https:\/\/artisandark.photocrati.com\/files\/2019\/11\/Unsplash-People-136-1024x682.jpg\" alt=\"\"><\/figure>\n<\/div>\n<div class=\"wp-block-column\">\n<blockquote>\n<h1><span style=\"color: #333333;\">Amoureux de montagne, de grands espaces, de d\u00e9fis, p\u00eacheur \u00e0 la mouche, l&rsquo;image est devenue le lien de toutes mes activit\u00e9s.<\/span><\/h1>\n<\/blockquote>\n<blockquote>\n<p>Apr\u00e8s de nombreuses ann\u00e9es immerg\u00e9 dans les rivi\u00e8res et la nature, l\u2019image est devenue pour moi un moyen de sensibilisation au respect de notre environnement.<\/p>\n<\/blockquote>\n<blockquote>\n<p>Au fur et \u00e0 mesure de ma progression totalement autodidacte,&nbsp; j\u2019ai appris \u00e0 exercer mon \u0153il sur un cadre, sur des lumi\u00e8res. J\u2019ai appris \u00e0 anticiper ce que je vais rechercher. Cependant, la nature reste ma\u00eetresse, elle fait le reste et le boitier photo permet d\u2019arr\u00eater le temps sur un instant magique fait de lumi\u00e8res aussi irr\u00e9elles que fugaces. De ces moments de communion intense est n\u00e9e une vraie passion pour la photographie de nature.<\/p>\n<\/blockquote>\n<blockquote>\n<p>Une seconde motivation plus \u00e9go\u00efste et certainement tr\u00e8s misanthrope est une recherche de solitude en m\u2019immergeant dans la nature. Ce sentiment d\u2019\u00eatre seul au monde est encore plus pr\u00e9gnant le matin tr\u00e8s t\u00f4t. Apr\u00e8s avoir calcul\u00e9 le point et l\u2019axe du lever de soleil pour d\u00e9terminer ma position par rapport \u00e0 l\u2019objet que je souhaite mettre en valeur, la marche d\u2019approche en fin de nuit et la mise en place me positionne tel un oiseau de proie, telle une vigie sur le monde qui rena\u00eet. L\u2019heure bleue pr\u00e9c\u00e9dant les premiers rayons du soleil est invariablement un grand luxe de calme et de plaisir. Parfois un chevreuil ou un renard d\u00e9joue mon objectif et me remet \u00e0 ma place d\u2019animal inadapt\u00e9 et certainement en mal d\u2019aptitudes. L\u2019immersion dans l\u2019aube du monde essaie peut-\u00eatre de compenser l\u2019inaptitude intrins\u00e8que de notre condition d\u2019humain.<\/p>\n<\/blockquote>\n<blockquote>\n<p>Je n\u2019ai aucune id\u00e9e sur le fait que mes photographies puissent \u00e9ventuellement traduire cette id\u00e9e de solitude et de r\u00eaverie misanthrope mais elles s\u2019\u00e9laborent plus ou moins consciemment comme telle dans mon esprit.<\/p>\n<\/blockquote>\n<blockquote>\n<p>En allant un peu plus loin dans cette forme d\u2019auto-analyse, il est fondamentalement question de libert\u00e9. La libert\u00e9 de l\u2019oiseau de proie, pos\u00e9 sur son poste de vigie pr\u00eat \u00e0 saisir les lumi\u00e8res, loin des vicissitudes du monde humain, loin du brouhaha citadin. Saisir la beaut\u00e9 libre du monde renaissant tous les matins comme pour mieux traduire la laideur de nos contraintes humaines quotidiennes et in\u00e9vitables.<\/p>\n<\/blockquote>\n<\/div>\n<\/div>\n<p><!-- \/wp:spacer --><\/p>\t\t\t\t\t\t\t\t<\/div>\n\t\t\t\t<\/div>\n\t\t\t\t\t<\/div>\n\t\t<\/div>\n\t\t\t\t\t<\/div>\n\t\t<\/section>\n\t\t\t\t<section class=\"elementor-section elementor-top-section elementor-element elementor-element-2fba987 elementor-section-boxed elementor-section-height-default elementor-section-height-default\" data-id=\"2fba987\" data-element_type=\"section\" data-e-type=\"section\">\n\t\t\t\t\t\t<div class=\"elementor-container elementor-column-gap-default\">\n\t\t\t\t\t<div class=\"elementor-column elementor-col-100 elementor-top-column elementor-element elementor-element-ed56c6a\" data-id=\"ed56c6a\" data-element_type=\"column\" data-e-type=\"column\">\n\t\t\t<div class=\"elementor-widget-wrap elementor-element-populated\">\n\t\t\t\t\t\t<div class=\"elementor-element elementor-element-3581684 elementor-widget elementor-widget-image\" data-id=\"3581684\" data-element_type=\"widget\" data-e-type=\"widget\" data-widget_type=\"image.default\">\n\t\t\t\t<div class=\"elementor-widget-container\">\n\t\t\t\t\t\t\t\t\t\t\t\t\t\t\t<img fetchpriority=\"high\" decoding=\"async\" width=\"300\" height=\"300\" src=\"https:\/\/pierremonatte.fr\/wp-content\/uploads\/2024\/03\/PM-Photography-and-films-300x300.png\" class=\"attachment-medium size-medium wp-image-506\" alt=\"\" srcset=\"https:\/\/pierremonatte.fr\/wp-content\/uploads\/2024\/03\/PM-Photography-and-films-300x300.png 300w, https:\/\/pierremonatte.fr\/wp-content\/uploads\/2024\/03\/PM-Photography-and-films-1024x1024.png 1024w, https:\/\/pierremonatte.fr\/wp-content\/uploads\/2024\/03\/PM-Photography-and-films-150x150.png 150w, https:\/\/pierremonatte.fr\/wp-content\/uploads\/2024\/03\/PM-Photography-and-films-768x768.png 768w, https:\/\/pierremonatte.fr\/wp-content\/uploads\/2024\/03\/PM-Photography-and-films.png 1200w\" sizes=\"(max-width: 300px) 100vw, 300px\" \/>\t\t\t\t\t\t\t\t\t\t\t\t\t\t\t<\/div>\n\t\t\t\t<\/div>\n\t\t\t\t\t<\/div>\n\t\t<\/div>\n\t\t\t\t\t<\/div>\n\t\t<\/section>\n\t\t\t\t<\/div>\n\t\t","protected":false},"excerpt":{"rendered":"<p>Amoureux de montagne, de grands espaces, de d\u00e9fis, p\u00eacheur \u00e0 la mouche, l&rsquo;image est devenue le lien de toutes mes activit\u00e9s. Apr\u00e8s de nombreuses ann\u00e9es immerg\u00e9 dans les rivi\u00e8res et la nature, l\u2019image est devenue pour moi un moyen de sensibilisation au respect de notre environnement. Au fur et \u00e0 mesure de ma progression totalement [&hellip;]<\/p>\n","protected":false},"author":1,"featured_media":379,"parent":0,"menu_order":0,"comment_status":"closed","ping_status":"closed","template":"","meta":{"ngg_post_thumbnail":0,"footnotes":""},"class_list":["post-381","page","type-page","status-publish","has-post-thumbnail","hentry","entry","has-media"],"_links":{"self":[{"href":"https:\/\/pierremonatte.fr\/index.php\/wp-json\/wp\/v2\/pages\/381","targetHints":{"allow":["GET"]}}],"collection":[{"href":"https:\/\/pierremonatte.fr\/index.php\/wp-json\/wp\/v2\/pages"}],"about":[{"href":"https:\/\/pierremonatte.fr\/index.php\/wp-json\/wp\/v2\/types\/page"}],"author":[{"embeddable":true,"href":"https:\/\/pierremonatte.fr\/index.php\/wp-json\/wp\/v2\/users\/1"}],"replies":[{"embeddable":true,"href":"https:\/\/pierremonatte.fr\/index.php\/wp-json\/wp\/v2\/comments?post=381"}],"version-history":[{"count":40,"href":"https:\/\/pierremonatte.fr\/index.php\/wp-json\/wp\/v2\/pages\/381\/revisions"}],"predecessor-version":[{"id":8671,"href":"https:\/\/pierremonatte.fr\/index.php\/wp-json\/wp\/v2\/pages\/381\/revisions\/8671"}],"wp:featuredmedia":[{"embeddable":true,"href":"https:\/\/pierremonatte.fr\/index.php\/wp-json\/"}],"wp:attachment":[{"href":"https:\/\/pierremonatte.fr\/index.php\/wp-json\/wp\/v2\/media?parent=381"}],"curies":[{"name":"wp","href":"https:\/\/api.w.org\/{rel}","templated":true}]}}