{"id":1370,"date":"2020-09-07T15:56:51","date_gmt":"2020-09-07T19:56:51","guid":{"rendered":"https:\/\/gabrielfuentesdevenviroment.live\/shopping-cart\/"},"modified":"2025-12-17T22:37:09","modified_gmt":"2025-12-17T21:37:09","slug":"galeries-par-themes","status":"publish","type":"page","link":"https:\/\/pierremonatte.fr\/index.php\/galeries-par-themes\/","title":{"rendered":"Galeries par th\u00e8mes"},"content":{"rendered":"<p><a class=\"ngg-simplelightbox\" title=\" \" href=\"https:\/\/pierremonatte.fr\/wp-content\/gallery\/mezenc-hiver\/Pur.jpg\" rel=\"\" data-image-id=\"115\" data-src=\"https:\/\/pierremonatte.fr\/wp-content\/gallery\/mezenc-hiver\/Pur.jpg\" data-thumbnail=\"https:\/\/pierremonatte.fr\/wp-content\/gallery\/mezenc-hiver\/thumbs\/thumbs-Pur.jpg\" data-title=\"Pur\" data-description=\" \"><img decoding=\"async\" class=\"ngg-singlepic ngg-none\" src=\"https:\/\/pierremonatte.fr\/wp-content\/gallery\/mezenc-hiver\/Pur.jpg\" alt=\"Pur\"><\/a><\/p>\r\n<hr>\r\n<p class=\"has-text-align-center\" style=\"text-align: center;\"><strong>Les plus r\u00e9centes<br><\/strong><\/p>\r\n<p style=\"text-align: center;\"><!-- \/wp:post-content -->\r\n\r\n<!-- wp:paragraph {\"align\":\"center\"} --><\/p>\r\n<p class=\"has-text-align-center\" style=\"text-align: center;\">Retrouvez les derni\u00e8res balades photographiques<\/p>\r\n<p style=\"text-align: center;\"><!-- \/wp:paragraph -->\r\n\r\n<!-- wp:button {\"className\":\"aligncenter\"} --><\/p>\r\n<div class=\"wp-block-button aligncenter\" style=\"text-align: center;\"><a class=\"wp-block-button__link wp-element-button\" href=\"https:\/\/pierremonatte.fr\/index.php\/les-plus-recentes\/\">plus&#8230;<\/a><\/div>\r\n<div style=\"text-align: center;\"><hr><\/div>\r\n<p class=\"has-text-align-center\" style=\"text-align: center;\"><strong>Neige en M\u00e9zenc<\/strong><\/p>\r\n<p style=\"text-align: center;\"><!-- \/wp:button -->\r\n\r\n<!-- wp:paragraph {\"align\":\"center\"} --><\/p>\r\n<p class=\"has-text-align-center\" style=\"text-align: center;\">Ici, la lumi\u00e8re de l\u2019aube glaciale nous plonge dans un paradis \u00e9ph\u00e9m\u00e8re o\u00f9 le vent ac\u00e9r\u00e9 et la neige s\u2019allient pour rajouter la puissance \u00e0 la beaut\u00e9.<\/p>\r\n<p style=\"text-align: center;\"><!-- \/wp:paragraph -->\r\n\r\n<!-- wp:button {\"className\":\"aligncenter\"} --><\/p>\r\n<div class=\"wp-block-button aligncenter\" style=\"text-align: center;\"><a class=\"wp-block-button__link wp-element-button\" href=\"https:\/\/pierremonatte.fr\/index.php\/neige-en-mezenc\/\">plus&#8230;<\/a><\/div>\r\n<div style=\"text-align: center;\">&nbsp;<\/div>\r\n<div><hr><\/div>\r\n<div style=\"text-align: center;\">\r\n<p class=\"has-text-align-center\"><strong>M\u00e9zenc entre deux hivers<br><\/strong><\/p>\r\n<p><!-- \/wp:button -->\r\n\r\n<!-- wp:paragraph {\"align\":\"center\"} --><\/p>\r\n<p class=\"has-text-align-center\">La m\u00e2choire hivernale se desserre lentement, pugnace, face aux pr\u00e9mices toujours trompeurs d\u2019un printemps fugace. Puis elle se referme tr\u00e8s vite sur ces hauts plateaux. Dans l\u2019ouverture, les plantes, les arbres, les animaux et les hommes s\u2019empressent d\u2019en profiter.<\/p>\r\n<p><!-- \/wp:paragraph -->\r\n\r\n<!-- wp:button {\"className\":\"aligncenter\"} --><\/p>\r\n<div class=\"wp-block-button aligncenter\"><a class=\"wp-block-button__link wp-element-button\" href=\"https:\/\/pierremonatte.fr\/index.php\/mezenc-entre-deux-hivers\/\">plus&#8230;<\/a><\/div>\r\n<div><hr>\r\n<p class=\"has-text-align-center\"><strong>Nuit en M\u00e9zenc<br><\/strong><\/p>\r\n<p><!-- \/wp:button -->\r\n\r\n<!-- wp:paragraph {\"align\":\"center\"} --><\/p>\r\n<p class=\"has-text-align-center\">La vo\u00fbte c\u00e9leste et les sommets se rapprochent la nuit, le plus, ici, c\u2019est que rien n\u2019arr\u00eate le regard. Alors on d\u00e9couvre la dimension dans la dimension, engonc\u00e9 dans la doudoune et le silence.<\/p>\r\n<p><!-- \/wp:paragraph -->\r\n\r\n<!-- wp:button {\"className\":\"aligncenter\"} --><\/p>\r\n<div class=\"wp-block-button aligncenter\"><a class=\"wp-block-button__link wp-element-button\" href=\"https:\/\/pierremonatte.fr\/index.php\/nuit-en-mezenc\/\">plus&#8230;<\/a><\/div>\r\n<\/div>\r\n<hr>\r\n<p class=\"has-text-align-center\"><strong>L&rsquo;autre montagne: ALPES<\/strong><\/p>\r\nL\u00e0 haut, je me suis senti toujours plus vivant, plus libre, plus vrai: je me suis r\u00e9alis\u00e9.<\/div>\r\n<div>&nbsp;<\/div>\r\n<div style=\"text-align: center;\">\r\n<div class=\"wp-block-button aligncenter\"><a class=\"wp-block-button__link wp-element-button\" href=\"https:\/\/pierremonatte.fr\/index.php\/lautre-montagne-alpes\/\">plus&#8230;<\/a><\/div>\r\n<\/div>\r\n<div style=\"text-align: center;\"><hr>\r\n<p class=\"has-text-align-center\" style=\"text-align: center;\"><strong>Haute vall\u00e9e de la Loire<br><\/strong><\/p>\r\n<p style=\"text-align: center;\">La Loire est ma rivi\u00e8re, celle \u00e0 laquelle je suis reli\u00e9 visc\u00e9ralement, parce que j\u2019y ai go\u00fbt\u00e9 la libert\u00e9, l\u2019insouciance; parce que cette vall\u00e9e a construit ma personnalit\u00e9; parce que j\u2019y ai appris les valeurs humaines et parce que la g\u00e9n\u00e9rosit\u00e9 de la nature nous donne aujourd\u2019hui la mesure de ce que l\u2019humanit\u00e9 s\u2019acharne \u00e0 d\u00e9truire.<\/p>\r\n<div class=\"wp-block-button aligncenter\" style=\"text-align: center;\"><a class=\"wp-block-button__link wp-element-button\" href=\"https:\/\/pierremonatte.fr\/index.php\/haute-vallee-de-la-loire\/\">plus&#8230;<\/a><\/div>\r\n<div><hr><\/div>\r\n<p class=\"has-text-align-center\" style=\"text-align: center;\"><strong>Bestiaire sauvage<br><\/strong><\/p>\r\n<p>\u00ab C\u2019est par l\u2019attention \u00e0 la finesse d\u2019un complexe comportemental et \u00e9motionnel chez l\u2019animal que nous finissons par mieux comprendre qui nous sommes, par le tissage de l\u2019\u00e9volution qui nous relie \u00e0 eux \u00bb<\/p>\r\n<p>Baptiste Morizot<\/p>\r\n<div class=\"wp-block-button aligncenter\" style=\"text-align: center;\"><a class=\"wp-block-button__link wp-element-button\" href=\"https:\/\/pierremonatte.fr\/index.php\/bestiaire-sauvage\/\">plus&#8230;<\/a><\/div>\r\n<div style=\"text-align: center;\"><hr>\r\n<p class=\"has-text-align-center\"><strong>Bestiaire domestique<br><\/strong><\/p>\r\nEn montant ou en descendant les cr\u00eates, les sentiers s\u2019agr\u00e9mentent de pr\u00e9sences animales aussi belles que d\u00e9bonnaires. Chevaux, vaches, taureaux et autres b\u00eates \u00e0 quatre pattes font partie et influencent le paysage.<\/div>\r\n<div style=\"text-align: center;\"><br>\r\n<div class=\"wp-block-button aligncenter\"><a class=\"wp-block-button__link wp-element-button\" href=\"https:\/\/pierremonatte.fr\/index.php\/bestiaire-domestique\/\">plus&#8230;<\/a><\/div>\r\n<hr><\/div>\r\n<p class=\"has-text-align-center\" style=\"text-align: center;\"><strong>Au bord de l&rsquo;eau : regard d&rsquo;un p\u00eacheur \u00e0 la mouche<br><\/strong><\/p>\r\n<div id=\"content\" class=\"site-content clr\">\r\n<article class=\"single-page-article clr\">\r\n<div class=\"entry clr\">\r\n<p>Dans mes yeux d\u2019enfant, la p\u00eache \u00e0 la mouche paraissait inaccessible: une alchimie rare entre esth\u00e9tisme, savoir et habilet\u00e9. Aujourd\u2019hui, le chemin parcouru m\u2019a enseign\u00e9 un peu plus\u2026Tout se joue sur cette fronti\u00e8re: \u00e0 l\u2019interface \u00e9tonnamment r\u00e9fl\u00e9chissante entre l\u2019eau et l\u2019air, dans le miroir de l\u2019onde, reflet physique de ton corps et reflet spirituel de ton \u00e2me. Si tu es pr\u00eat, la surface de l\u2019eau peut t\u2019absorber comme si un mouchoir de papier absorbait toutes les pollutions futiles de l\u2019esprit.<\/p>\r\n<\/div>\r\n<\/article>\r\n<\/div>\r\n<div class=\"wp-block-button aligncenter\" style=\"text-align: center;\"><a class=\"wp-block-button__link wp-element-button\" href=\"https:\/\/pierremonatte.fr\/index.php\/au-bord-de-l-eau\/\">plus&#8230;<\/a><\/div>\r\n<div><hr><\/div>\r\n<p class=\"has-text-align-center\" style=\"text-align: center;\"><strong>MER<\/strong><\/p>\r\n<!-- \/wp:button -->\r\n\r\n<!-- wp:paragraph {\"align\":\"center\"} -->\r\n<p class=\"has-text-align-center\" style=\"text-align: center;\">Tout a chang\u00e9 dans ce monde sauf le roulement de la mer&#8230;<\/p>\r\n<!-- \/wp:paragraph -->\r\n\r\n<!-- wp:button {\"className\":\"aligncenter\"} -->\r\n<div class=\"wp-block-button aligncenter\" style=\"text-align: center;\"><a class=\"wp-block-button__link wp-element-button\" href=\"https:\/\/pierremonatte.fr\/index.php\/mer\/\">plus&#8230;<\/a><\/div>\r\n<hr>\r\n<p class=\"has-text-align-center\" style=\"text-align: center;\"><strong>Natures mortes<br><\/strong><\/p>\r\nNatures mortes, au pluriel\u2026 : tout l\u2019inverse du singulier, nature morte, malgr\u00e9 l\u2019ent\u00eatement humain \u00e0 nettoyer le vivant.<\/div>\r\n<div>&nbsp;<\/div>\r\n<div style=\"text-align: center;\">\r\n<div class=\"wp-block-button aligncenter\" style=\"text-align: center;\"><a class=\"wp-block-button__link wp-element-button\" href=\"https:\/\/pierremonatte.fr\/index.php\/natures-mortes\/\">plus&#8230;<\/a><\/div>\r\n<div><hr>\r\n<p class=\"has-text-align-center\"><strong>Ciels d&rsquo;orage<br><\/strong><\/p>\r\n<div id=\"content\" class=\"site-content clr\">\r\n<article class=\"single-page-article clr\">\r\n<div class=\"entry clr\">\r\n<p>La lumi\u00e8re arrive \u00e0 surgir du noir, contenue dans la masse sombre et inqui\u00e9tante des nuages, elle se retient et \u00ab&nbsp;accumulo-nimbus&nbsp;\u00bb son \u00e9nergie. Alors soudain \u00e0 force d\u2019accumuler et de contenir, elle \u00e9clate brutalement foudroyant le hasard de sa cible ou bien plus sage passe au travers du prisme des milliards de gouttes de pluie pour r\u00e9v\u00e9ler sa nature. Tout est question d\u2019anticipation pour le photographe.<\/p>\r\n<\/div>\r\n<\/article>\r\n<\/div>\r\n<div class=\"wp-block-button aligncenter\"><a class=\"wp-block-button__link wp-element-button\" href=\"https:\/\/pierremonatte.fr\/index.php\/ciels-orages\/\">plus&#8230;<\/a><\/div>\r\n<\/div>\r\n<hr>\r\n<p class=\"has-text-align-center\"><strong>Montagne Corse<br><\/strong><\/p>\r\n<div id=\"content\" class=\"site-content clr\">\r\n<article class=\"single-page-article clr\">\r\n<div class=\"entry clr\">\r\n<div class=\"xdj266r x11i5rnm xat24cr x1mh8g0r x1vvkbs x126k92a\">\r\n<div dir=\"auto\">\u00d9n ne circate sumiglie, \u00d9n truverete la para ; Ghj\u00e8 \u00f9nica, sola \u00e8 cara.<\/div>\r\n<\/div>\r\n<div class=\"x11i5rnm xat24cr x1mh8g0r x1vvkbs xtlvy1s x126k92a\">\r\n<div dir=\"auto\">C\u00f3rsica.<\/div>\r\n<\/div>\r\n<div class=\"x11i5rnm xat24cr x1mh8g0r x1vvkbs xtlvy1s x126k92a\">\r\n<div dir=\"auto\">Ne cherchez pas de ressemblances, Car vous n\u2019en trouverez pas ; Elle est unique, solitaire et ch\u00e8re<\/div>\r\n<\/div>\r\n<div class=\"x11i5rnm xat24cr x1mh8g0r x1vvkbs xtlvy1s x126k92a\">\r\n<div dir=\"auto\">La Corse<\/div>\r\n<div dir=\"auto\">&nbsp;<\/div>\r\n<\/div>\r\n<\/div>\r\n<\/article>\r\n<\/div>\r\n<div class=\"wp-block-button aligncenter\"><a class=\"wp-block-button__link wp-element-button\" href=\"https:\/\/pierremonatte.fr\/index.php\/montagne-corse\/\">plus&#8230;<\/a><\/div>\r\n<div><hr><\/div>\r\n<a class=\"wp-block-button__link wp-element-button\" href=\"https:\/\/pierremonatte.fr\/index.php\/home-8\/\">retour accueil<\/a><br><hr><\/div>","protected":false},"excerpt":{"rendered":"<p>Les plus r\u00e9centes Retrouvez les derni\u00e8res balades photographiques plus&#8230; Neige en M\u00e9zenc Ici, la lumi\u00e8re de l\u2019aube glaciale nous plonge dans un paradis \u00e9ph\u00e9m\u00e8re o\u00f9 le vent ac\u00e9r\u00e9 et la neige s\u2019allient pour rajouter la puissance \u00e0 la beaut\u00e9. plus&#8230; &nbsp; M\u00e9zenc entre deux hivers La m\u00e2choire hivernale se desserre lentement, pugnace, face aux pr\u00e9mices [&hellip;]<\/p>\n","protected":false},"author":1,"featured_media":0,"parent":0,"menu_order":0,"comment_status":"closed","ping_status":"closed","template":"","meta":{"ngg_post_thumbnail":0,"footnotes":""},"class_list":["post-1370","page","type-page","status-publish","hentry","entry"],"_links":{"self":[{"href":"https:\/\/pierremonatte.fr\/index.php\/wp-json\/wp\/v2\/pages\/1370","targetHints":{"allow":["GET"]}}],"collection":[{"href":"https:\/\/pierremonatte.fr\/index.php\/wp-json\/wp\/v2\/pages"}],"about":[{"href":"https:\/\/pierremonatte.fr\/index.php\/wp-json\/wp\/v2\/types\/page"}],"author":[{"embeddable":true,"href":"https:\/\/pierremonatte.fr\/index.php\/wp-json\/wp\/v2\/users\/1"}],"replies":[{"embeddable":true,"href":"https:\/\/pierremonatte.fr\/index.php\/wp-json\/wp\/v2\/comments?post=1370"}],"version-history":[{"count":21,"href":"https:\/\/pierremonatte.fr\/index.php\/wp-json\/wp\/v2\/pages\/1370\/revisions"}],"predecessor-version":[{"id":9209,"href":"https:\/\/pierremonatte.fr\/index.php\/wp-json\/wp\/v2\/pages\/1370\/revisions\/9209"}],"wp:attachment":[{"href":"https:\/\/pierremonatte.fr\/index.php\/wp-json\/wp\/v2\/media?parent=1370"}],"curies":[{"name":"wp","href":"https:\/\/api.w.org\/{rel}","templated":true}]}}